{"id":22398,"date":"2021-06-14T16:56:31","date_gmt":"2021-06-14T16:56:31","guid":{"rendered":"https:\/\/frantoiodicroci.it\/versand\/"},"modified":"2021-06-14T16:56:31","modified_gmt":"2021-06-14T16:56:31","slug":"versand","status":"publish","type":"page","link":"https:\/\/frantoiodicroci.it\/de\/versand\/","title":{"rendered":"Versand"},"content":{"rendered":"<p>Wir bedienen uns zwei verschiedener Spediteure f\u00fcr den Versand. Die Versandkosten variieren je nach Gewicht des Pakets.<\/p>\n<p>Versandkosten in Italien<\/p>\n<p>Bis 2 kg\u00a0 \u20ac 7,00<\/p>\n<p>Von 2 &#8211; 5 kg \u20ac 8,00<\/p>\n<p>Von 5 &#8211; 10 kg \u20ac 13,50<\/p>\n<p>Von 10 &#8211; 20 kg \u20ac 16,00<\/p>\n<p>Von 20 &#8211; 30 kg \u20ac 20,00<\/p>\n<p>Von 30 &#8211; 100 kg \u20ac 25,00<\/p>\n<p>F\u00fcr Bestellungen mit einem h\u00f6heren Gewicht, kontaktieren Sie uns f\u00fcr einen Kostenvoranschlag<\/p>\n","protected":false},"excerpt":{"rendered":"<p>Wir bedienen uns zwei verschiedener Spediteure f\u00fcr den Versand. Die  [&#8230;]<\/p>\n","protected":false},"author":1,"featured_media":0,"parent":0,"menu_order":0,"comment_status":"closed","ping_status":"closed","template":"","meta":{"footnotes":""},"class_list":["post-22398","page","type-page","status-publish","hentry"],"jetpack_sharing_enabled":true,"_links":{"self":[{"href":"https:\/\/frantoiodicroci.it\/de\/wp-json\/wp\/v2\/pages\/22398","targetHints":{"allow":["GET"]}}],"collection":[{"href":"https:\/\/frantoiodicroci.it\/de\/wp-json\/wp\/v2\/pages"}],"about":[{"href":"https:\/\/frantoiodicroci.it\/de\/wp-json\/wp\/v2\/types\/page"}],"author":[{"embeddable":true,"href":"https:\/\/frantoiodicroci.it\/de\/wp-json\/wp\/v2\/users\/1"}],"replies":[{"embeddable":true,"href":"https:\/\/frantoiodicroci.it\/de\/wp-json\/wp\/v2\/comments?post=22398"}],"version-history":[{"count":0,"href":"https:\/\/frantoiodicroci.it\/de\/wp-json\/wp\/v2\/pages\/22398\/revisions"}],"wp:attachment":[{"href":"https:\/\/frantoiodicroci.it\/de\/wp-json\/wp\/v2\/media?parent=22398"}],"curies":[{"name":"wp","href":"https:\/\/api.w.org\/{rel}","templated":true}]}}