{"id":133261,"date":"2022-11-22T15:32:12","date_gmt":"2022-11-22T15:32:12","guid":{"rendered":"https:\/\/frantoiodicroci.it\/shop\/geschenkbox-der-luxuslinie-mit-2-flaschen-ihrer-wahl\/"},"modified":"2022-11-22T15:32:12","modified_gmt":"2022-11-22T15:32:12","slug":"geschenkbox-der-luxuslinie-mit-2-flaschen-ihrer-wahl","status":"publish","type":"product","link":"https:\/\/frantoiodicroci.it\/de\/shop\/geschenkbox-der-luxuslinie-mit-2-flaschen-ihrer-wahl\/","title":{"rendered":"Geschenkbox der Luxuslinie mit 2 Flaschen Ihrer Wahl"},"content":{"rendered":"<p>W\u00e4hlen Sie 2 500-ml-Flaschen und legen Sie sie in die wertvolle Geschenkbox, die exklusiv von Frantoio di Croci hergestellt wird. Ein wichtiges Geschenk mit 2 wertvollen \u00d6len aus unserer \u00d6lm\u00fchle.<\/p>\n<p><strong>Natives Oliven\u00f6l extra \u201eL&#8217;Oliveto\u201c von Podere:<\/strong> Es handelt sich um ein leicht fruchtiges \u00d6l mit starken pflanzlichen Noten von Tomaten und Balsamico-Kr\u00e4utern. Die bitteren und w\u00fcrzigen Noten werden durch s\u00fc\u00dfe Mandeln ausgeglichen. Es wird aus im November geernteten gr\u00fcnen Oliven gewonnen gr\u00f6\u00dftenteils die Itrana-Sorten. Aus diesem k\u00fcrzlich gepflanzten Olivenhain wird dank der Besonderheit der Sorte, der hervorragenden Lage des Bodens und der ausgefeiltesten Verarbeitungsmethoden in der \u00d6lm\u00fchle ein delikates \u00d6l von ausgezeichneter Qualit\u00e4t gewonnen.<\/p>\n<p><strong>Riserva-Oliven\u00f6l extra vergine:<\/strong> Es ist ein intensiv fruchtiges \u00d6l mit pflanzlichen Noten von frisch geschnittenem Gras, Rucola, Chicor\u00e9e, Artischocke, gr\u00fcnen Mandeln und Olivenbl\u00e4ttern. Es wird aus gr\u00fcnen Oliven gewonnen, die in den Monaten Oktober und November in Moraiolo geerntet werden Frantoio.Es wird bei einer Temperatur von 24\u00b0 kalt extrahiert und anschlie\u00dfend einer Zweiphasenextraktion unterzogen, um ein \u00d6l zu erhalten, das reich an Polyphenolen ist. Die Lagerung erfolgt in einer kontrollierten Atmosph\u00e4re unter Stickstoff.<\/p>\n<p><strong>Traditionelles natives Oliven\u00f6l extra:<\/strong> Es handelt sich um ein mittelfruchtiges \u00d6l, das aus Oliven typischer lokaler Sorten wie Frantoio, Leccino, Moraiolo und Pendolino hergestellt wird. Es wird aus ab Mitte Oktober geernteten Oliven gewonnen und bei einer kontrollierten Temperatur, die zwischen 24 und 27 Grad variiert, etwa 20 bis 30 Minuten lang, je nach Olivensorte und Reifegrad, malaxiert. Reich an Aromen und mit unterschiedlichen Geschmacksnuancen. Es wird in einer kontrollierten Atmosph\u00e4re unter Argon gelagert.<\/p>\n<p><strong>Toskanisches natives Oliven\u00f6l Extra IGP Prima Oliva \u00ae<\/strong><br \/>\nExtra natives Oliven\u00f6l aus den Sorten Maurino, Moraiolo und Frantoio, geerntet im Oktober und unter Einhaltung der toskanischen IGP-Produktionsvorschriften. Es wird kalt extrahiert und anschlie\u00dfend einer zweiphasigen Extraktion unterzogen, um ein \u00d6l zu erhalten, das reich an Polyphenolen ist. Mittelintensives fruchtiges \u00d6l mit einem Hauch von frisch geschnittenem Gras, gr\u00fcnen Tomaten und balsamischen Noten von Thymian und Rosmarin. Die Lagerung erfolgt in einer kontrollierten Atmosph\u00e4re unter Argon.<\/p>\n<p><strong>Bio-Oliven\u00f6l extra vergine<\/strong><br \/>\nExtra natives Oliven\u00f6l, hergestellt aus Oliven der typischen lokalen Sorten wie Frantoio, Leccino, Moraiolo und Pendolino.<br \/>\nEs wird aus Olivenb\u00e4umen gewonnen, die auf Parzellen wachsen, die den Spezifikationen und Anforderungen des biologischen Pflanzenschutzes entsprechen.<br \/>\nEs wird kalt extrahiert. Mittelfruchtiges \u00d6l mit pflanzlichen Noten von Wildkr\u00e4utern, bitter und w\u00fcrzig, gut ausbalanciert.<\/p>\n","protected":false},"excerpt":{"rendered":"<p>Geschenkbox mit <strong>2 Flaschen Ihrer Wahl \u00e0 0,500 von:<\/strong><br \/>\n-Traditionelles natives Oliven\u00f6l extra,<br \/>\n-Extra natives Oliven\u00f6l Riserva,<br \/>\n-Extra natives Oliven\u00f6l Podere l&#8217;Oliveto,<br \/>\n&#8211; Prima Oliva toskanisches Oliven\u00f6l extra vergine g.g.A<br \/>\n-Bio-Oliven\u00f6l extra vergine<br \/>\n\u00d6le mit leicht-mittelintensivem Geschmack und umh\u00fcllenden Aromen. Anpassbare Box.<\/p>\n","protected":false},"featured_media":133248,"comment_status":"open","ping_status":"closed","template":"","meta":{"wds_primary_product_brand":0,"wds_primary_product_cat":0},"product_brand":[],"product_cat":[89],"product_tag":[],"class_list":{"0":"post-133261","1":"product","2":"type-product","3":"status-publish","4":"has-post-thumbnail","6":"product_cat-geschenkpakete","8":"first","9":"instock","10":"sale","11":"taxable","12":"shipping-taxable","13":"purchasable","14":"product-type-simple"},"jetpack_sharing_enabled":true,"_links":{"self":[{"href":"https:\/\/frantoiodicroci.it\/de\/wp-json\/wp\/v2\/product\/133261","targetHints":{"allow":["GET"]}}],"collection":[{"href":"https:\/\/frantoiodicroci.it\/de\/wp-json\/wp\/v2\/product"}],"about":[{"href":"https:\/\/frantoiodicroci.it\/de\/wp-json\/wp\/v2\/types\/product"}],"replies":[{"embeddable":true,"href":"https:\/\/frantoiodicroci.it\/de\/wp-json\/wp\/v2\/comments?post=133261"}],"wp:featuredmedia":[{"embeddable":true,"href":"https:\/\/frantoiodicroci.it\/de\/wp-json\/wp\/v2\/media\/133248"}],"wp:attachment":[{"href":"https:\/\/frantoiodicroci.it\/de\/wp-json\/wp\/v2\/media?parent=133261"}],"wp:term":[{"taxonomy":"product_brand","embeddable":true,"href":"https:\/\/frantoiodicroci.it\/de\/wp-json\/wp\/v2\/product_brand?post=133261"},{"taxonomy":"product_cat","embeddable":true,"href":"https:\/\/frantoiodicroci.it\/de\/wp-json\/wp\/v2\/product_cat?post=133261"},{"taxonomy":"product_tag","embeddable":true,"href":"https:\/\/frantoiodicroci.it\/de\/wp-json\/wp\/v2\/product_tag?post=133261"}],"curies":[{"name":"wp","href":"https:\/\/api.w.org\/{rel}","templated":true}]}}