{"id":133505,"date":"2024-02-27T13:09:11","date_gmt":"2024-02-27T13:09:12","guid":{"rendered":"https:\/\/frantoiodicroci.it\/?post_type=product&#038;p=133505"},"modified":"2024-10-26T05:27:28","modified_gmt":"2024-10-26T05:27:28","slug":"traditionales-natives-olivenol-extra-spruhen-copia","status":"publish","type":"product","link":"https:\/\/frantoiodicroci.it\/de\/shop\/traditionales-natives-olivenol-extra-spruhen-copia\/","title":{"rendered":"EXTRA GIN"},"content":{"rendered":"<p>Im Laufe der letzten Jahre haben wir unsere Bem\u00fchungen intensiviert, nicht nur natives Oliven\u00f6l extra als einfaches Gew\u00fcrz, sondern als <strong>grundlegende Zutat in der K\u00fcche zu f\u00f6rdern<\/strong>. Wir haben besonders auf die Auswahl der verschiedenen Arten von \u00d6len geachtet, die wir produzieren, und dasjenige ausgew\u00e4hlt, das am besten geeignet ist, um die Aromen unserer Gerichte zu betonen.<\/p>\n<p><strong>Jetzt haben wir unsere Grenzen weiter ausgedehnt&#8230;<\/strong> Durch die Verwendung unseres \u00d6ls, unserer Oliven, Olivenbl\u00e4tter und anderer typischer Pflanzen unseres Gebiets wie Wacholder, Koriander, Engelwurz, wilder Fenchel usw. haben wir einen einzigartigen <strong>Gin entwickelt.<\/strong><\/p>\n<p>Nach der <strong>Methodik des London Dry Gin<\/strong> haben wir ausschlie\u00dflich nat\u00fcrliche Zutaten verwendet. Wir haben alle Pflanzen zusammen mazeriert und in einer einzigen L\u00f6sung destilliert. Am Ende dieses Prozesses haben wir die Regeln der Methodik beachtet, die weder die Zugabe von Zucker noch von k\u00fcnstlichen Aromen erlauben, sondern gegebenenfalls nur Wasser verwenden, um den Alkoholgehalt auszugleichen und den Ausgangsgrad beizubehalten.&#8220;<\/p>\n<p>Um dieses Ziel zu erreichen, haben wir uns auf erfahrene Destillateure verlassen und nach zahlreichen Recherchen und Tests das Rezept ausgew\u00e4hlt, das uns am meisten begeistert hat.<\/p>\n","protected":false},"excerpt":{"rendered":"<p>Unser handwerklich <strong>hergestellter Gin<\/strong> wird sorgf\u00e4ltig hergestellt und verwendet nur hochwertiges extra natives Oliven\u00f6l, frische Olivenbl\u00e4tter, Oliven in der richtigen Reife und die typischen Pflanzen unseres Gebiets.<\/p>\n<p><strong>Er bietet ein au\u00dfergew\u00f6hnliches Geschmackserlebnis<\/strong> mit vegetarischen, frischen und aromatischen Noten, die harmonisch mit den Botanicals des Gins verschmelzen. Entgegen der Erwartungen ist er im Mundgeschmack weich und zart.<\/p>\n<p>Mit einem Alkoholgehalt von 40\u00b0 ist er perfekt f\u00fcr klassische Cocktails wie Gin Tonic, Gin Lemon oder Martini und garantiert ein unvergessliches Erlebnis f\u00fcr <strong>einen Toast auf die Gesundheit<\/strong>!<\/p>\n","protected":false},"featured_media":133610,"comment_status":"open","ping_status":"closed","template":"","meta":{"wds_primary_product_brand":0,"wds_primary_product_cat":0},"product_brand":[],"product_cat":[90,94],"product_tag":[],"class_list":{"0":"post-133505","1":"product","2":"type-product","3":"status-publish","4":"has-post-thumbnail","6":"product_cat-essenslager","7":"product_cat-mit-unserem-oel","8":"pa_formato-500-ml-de","10":"first","11":"instock","12":"sale","13":"featured","14":"taxable","15":"shipping-taxable","16":"purchasable","17":"product-type-simple"},"jetpack_sharing_enabled":true,"_links":{"self":[{"href":"https:\/\/frantoiodicroci.it\/de\/wp-json\/wp\/v2\/product\/133505","targetHints":{"allow":["GET"]}}],"collection":[{"href":"https:\/\/frantoiodicroci.it\/de\/wp-json\/wp\/v2\/product"}],"about":[{"href":"https:\/\/frantoiodicroci.it\/de\/wp-json\/wp\/v2\/types\/product"}],"replies":[{"embeddable":true,"href":"https:\/\/frantoiodicroci.it\/de\/wp-json\/wp\/v2\/comments?post=133505"}],"wp:featuredmedia":[{"embeddable":true,"href":"https:\/\/frantoiodicroci.it\/de\/wp-json\/wp\/v2\/media\/133610"}],"wp:attachment":[{"href":"https:\/\/frantoiodicroci.it\/de\/wp-json\/wp\/v2\/media?parent=133505"}],"wp:term":[{"taxonomy":"product_brand","embeddable":true,"href":"https:\/\/frantoiodicroci.it\/de\/wp-json\/wp\/v2\/product_brand?post=133505"},{"taxonomy":"product_cat","embeddable":true,"href":"https:\/\/frantoiodicroci.it\/de\/wp-json\/wp\/v2\/product_cat?post=133505"},{"taxonomy":"product_tag","embeddable":true,"href":"https:\/\/frantoiodicroci.it\/de\/wp-json\/wp\/v2\/product_tag?post=133505"}],"curies":[{"name":"wp","href":"https:\/\/api.w.org\/{rel}","templated":true}]}}