{"id":133508,"date":"2024-02-27T13:55:21","date_gmt":"2024-02-27T13:55:21","guid":{"rendered":"https:\/\/frantoiodicroci.it\/?post_type=product&#038;p=133508"},"modified":"2024-10-26T05:24:11","modified_gmt":"2024-10-26T05:24:11","slug":"das-native-olivenol-extra-trifft-auf-gin-gin-mit-olivenol-copia","status":"publish","type":"product","link":"https:\/\/frantoiodicroci.it\/de\/shop\/das-native-olivenol-extra-trifft-auf-gin-gin-mit-olivenol-copia\/","title":{"rendered":"Das \u00d6l trifft auf Schokolade- Pralinen mit extra nativem Oliven\u00f6l"},"content":{"rendered":"<p>In den letzten Jahren haben wir unsere Bem\u00fchungen intensiviert, natives Oliven\u00f6l extra nicht nur als einfaches Gew\u00fcrz, sondern als <strong>grundlegenden Bestandteil in der K\u00fcche zu f\u00f6rdern.<\/strong> Wir haben besondere Aufmerksamkeit auf die Auswahl unter den verschiedenen Arten von \u00d6len gelegt, die wir produzieren, und dasjenige ausgew\u00e4hlt, das am besten geeignet ist, um die Aromen unserer Gerichte zu betonen.<\/p>\n<p><strong>Jetzt haben wir unsere Grenzen noch weiter ausgedehnt&#8230;<\/strong> Wir haben unser natives Oliven\u00f6l extra als Hauptbestandteil in der Produktion von Pralinen eingef\u00fchrt. Dank der Zusammenarbeit mit erfahrenen Schokoladenherstellern haben wir umfangreiche Forschungen und zahlreiche Tests durchgef\u00fchrt, um drei verschiedene Sorten von Pralinen zu entwickeln, wobei wir zwei Arten<strong> von nativem Oliven\u00f6l extra verwendet haben: Riserva und Prima Oliva.<\/strong> Diese Kombination hat es erm\u00f6glicht, Pralinen mit einzigartigen Geschmacksnuancen zu kreieren und ein <strong>unvergleichliches sensorisches Erlebnis zu bieten.<\/strong><\/p>\n<p><strong>Praline 1 &#8211; \u00d6lherz<\/strong><\/p>\n<ul>\n<li>Halbfl\u00fcssiges \u00d6l und Milchschokolade bestehend aus einer Milchh\u00fclle, einer Schicht EVOO (85%) mit Kakaobutter und einer zweiten Schicht Milchschokolade mit EVOO (30%).<\/li>\n<\/ul>\n<p><strong>Praline 2 &#8211; Milch &amp; \u00d6l<\/strong><\/p>\n<ul>\n<li>Milchcreme bestehend aus einer dunklen Schokoladenh\u00fclle und Milchschokolade mit EVOO (20%).<\/li>\n<\/ul>\n<p><strong>Praline 3 &#8211; Haselnuss &amp; \u00d6l<\/strong><\/p>\n<ul>\n<li>Haselnusscreme umh\u00fcllt von einer wei\u00dfen H\u00fclle, Milchschokolade mit EVOO (20%) und gesandeter Haselnussgranulat.<\/li>\n<\/ul>\n","protected":false},"excerpt":{"rendered":"<p>Aus der harmonischen Verschmelzung von feiner Schokolade mit unserem hochwertigen extra nativen Oliven\u00f6l entsteht eine <strong>handgemachte Praline mit intensivem und umh\u00fcllendem Geschmack.<\/strong><\/p>\n<p>Verw\u00f6hnen Sie Ihren Gaumen mit der Weichheit der Schokolade, veredelt durch die fruchtigen Noten des EVOO: ein Hauch von Gesundheit und Wohlbefinden dank seiner antioxidativen und nat\u00fcrlichen N\u00e4hrstoffe, die alles noch <strong>k\u00f6stlicher, ges\u00fcnder und bek\u00f6mmlicher machen.<\/strong><\/p>\n","protected":false},"featured_media":133567,"comment_status":"open","ping_status":"closed","template":"","meta":{"wds_primary_product_brand":0,"wds_primary_product_cat":0},"product_brand":[],"product_cat":[90,94],"product_tag":[],"class_list":{"0":"post-133508","1":"product","2":"type-product","3":"status-publish","4":"has-post-thumbnail","6":"product_cat-essenslager","7":"product_cat-mit-unserem-oel","8":"pa_formato-pralinen-mit-extra-nativem-olivenol-95g-packung","10":"first","11":"instock","12":"sale","13":"featured","14":"taxable","15":"shipping-taxable","16":"purchasable","17":"product-type-simple"},"jetpack_sharing_enabled":true,"_links":{"self":[{"href":"https:\/\/frantoiodicroci.it\/de\/wp-json\/wp\/v2\/product\/133508","targetHints":{"allow":["GET"]}}],"collection":[{"href":"https:\/\/frantoiodicroci.it\/de\/wp-json\/wp\/v2\/product"}],"about":[{"href":"https:\/\/frantoiodicroci.it\/de\/wp-json\/wp\/v2\/types\/product"}],"replies":[{"embeddable":true,"href":"https:\/\/frantoiodicroci.it\/de\/wp-json\/wp\/v2\/comments?post=133508"}],"wp:featuredmedia":[{"embeddable":true,"href":"https:\/\/frantoiodicroci.it\/de\/wp-json\/wp\/v2\/media\/133567"}],"wp:attachment":[{"href":"https:\/\/frantoiodicroci.it\/de\/wp-json\/wp\/v2\/media?parent=133508"}],"wp:term":[{"taxonomy":"product_brand","embeddable":true,"href":"https:\/\/frantoiodicroci.it\/de\/wp-json\/wp\/v2\/product_brand?post=133508"},{"taxonomy":"product_cat","embeddable":true,"href":"https:\/\/frantoiodicroci.it\/de\/wp-json\/wp\/v2\/product_cat?post=133508"},{"taxonomy":"product_tag","embeddable":true,"href":"https:\/\/frantoiodicroci.it\/de\/wp-json\/wp\/v2\/product_tag?post=133508"}],"curies":[{"name":"wp","href":"https:\/\/api.w.org\/{rel}","templated":true}]}}