{"id":133511,"date":"2024-03-03T09:31:09","date_gmt":"2024-03-03T09:31:09","guid":{"rendered":"https:\/\/frantoiodicroci.it\/?post_type=product&#038;p=133511"},"modified":"2024-10-26T05:20:38","modified_gmt":"2024-10-26T05:20:38","slug":"ol-trifft-auf-schokolade-pralinen-mit-extra-nativem-olivenol-copia","status":"publish","type":"product","link":"https:\/\/frantoiodicroci.it\/de\/shop\/ol-trifft-auf-schokolade-pralinen-mit-extra-nativem-olivenol-copia\/","title":{"rendered":"\u00d6l trifft auf Schokolade &#8211; OlioCiock"},"content":{"rendered":"<div class=\"flex-1 overflow-hidden\">\n<div class=\"react-scroll-to-bottom--css-fktwp-79elbk h-full\">\n<div class=\"react-scroll-to-bottom--css-fktwp-1n7m0yu\">\n<div class=\"flex flex-col text-sm pb-9\">\n<div class=\"w-full text-token-text-primary\" data-testid=\"conversation-turn-29\">\n<div class=\"px-4 py-2 justify-center text-base md:gap-6 m-auto\">\n<div class=\"flex flex-1 text-base mx-auto gap-3 md:px-5 lg:px-1 xl:px-5 md:max-w-3xl lg:max-w-[40rem] xl:max-w-[48rem] group final-completion\">\n<div class=\"relative flex w-full flex-col agent-turn\">\n<div class=\"flex-col gap-1 md:gap-3\">\n<div class=\"flex flex-grow flex-col max-w-full\">\n<div class=\"min-h-[20px] text-message flex flex-col items-start gap-3 whitespace-pre-wrap break-words [.text-message+&amp;]:mt-5 overflow-x-auto\" data-message-author-role=\"assistant\" data-message-id=\"7ff8509d-e0fb-419e-a48b-ad502193c707\">\n<div class=\"markdown prose w-full break-words dark:prose-invert light\">\n<p>In den letzten Jahren haben wir unsere Bem\u00fchungen intensiviert, um natives Oliven\u00f6l nicht nur als einfaches Gew\u00fcrz, <strong>sondern als grundlegende Zutat in der K\u00fcche zu f\u00f6rdern.<\/strong> Besonderes Augenmerk haben wir auf die Auswahl aus den verschiedenen Arten von \u00d6l gelegt, die wir produzieren, und dasjenige ausgew\u00e4hlt, das am besten geeignet ist, um die Aromen unserer Gerichte hervorzuheben.<\/p>\n<p><strong>Nun haben wir unsere Grenzen noch weiter ausgereizt&#8230;<\/strong> Wir haben unser natives Oliven\u00f6l als Hauptbestandteil einer neuen streichf\u00e4higen Haselnussaufstrich eingef\u00fchrt. Dank der Zusammenarbeit mit erfahrenen Schokoladenmeistern haben wir umfangreiche Forschungen und zahlreiche Tests durchgef\u00fchrt, um eine Variante von streichf\u00e4higer Haseln\u00fcsse zu entwickeln, bei der wir geschickt unsere beiden f\u00fchrenden \u00d6le kombiniert haben: <strong>die Riserva und die Prima Oliva.<\/strong> Diese Mischung hat es erm\u00f6glicht, eine streichf\u00e4hige Creme mit einzigartigen Geschmacksnuancen zu kreieren<strong> und ein unvergleichliches sensorisches Erlebnis zu bieten.<\/strong><\/p>\n<\/div>\n<\/div>\n<\/div>\n<div class=\"mt-1 flex justify-start gap-3 empty:hidden\">\n<div class=\"text-gray-400 flex self-end lg:self-center items-center justify-center lg:justify-start mt-0 -ml-1 h-7 gap-[2px] visible\">\n<p>&nbsp;<\/p>\n<div class=\"flex items-center gap-1.5 text-xs\"><\/div>\n<div class=\"flex\"><\/div>\n<\/div>\n<\/div>\n<div class=\"pr-2 lg:pr-0\"><\/div>\n<\/div>\n<div class=\"absolute\">\n<div class=\"flex w-full gap-2 items-center justify-center\"><\/div>\n<\/div>\n<\/div>\n<\/div>\n<\/div>\n<\/div>\n<\/div>\n<\/div>\n<\/div>\n<\/div>\n<div class=\"w-full pt-2 md:pt-0 dark:border-white\/20 md:border-transparent md:dark:border-transparent md:w-[calc(100%-.5rem)]\">\n<form class=\"stretch mx-2 flex flex-row gap-3 last:mb-2 md:mx-4 md:last:mb-6 lg:mx-auto lg:max-w-2xl xl:max-w-3xl\">\n<div class=\"relative flex h-full flex-1 flex-col\">\n<div class=\"absolute bottom-full left-0 right-0\">\n<div class=\"relative h-full w-full\"><\/div>\n<\/div>\n<div class=\"flex w-full items-center\"><\/div>\n<\/div>\n<\/form>\n<\/div>\n","protected":false},"excerpt":{"rendered":"<p>Aus der harmonischen Verschmelzung von edler Schokolade und Haseln\u00fcsse mit unserem hochwertigen extra nativen Oliven\u00f6l<strong> entsteht ein Streichgenuss, der die Sinne verzaubert.<\/strong><\/p>\n<p>Verw\u00f6hne deinen Gaumen mit der Intensit\u00e4t und Umarmung dieser einzigartigen Verbindung.<\/p>\n<p>Die Zartheit von Schokolade und Haseln\u00fcsse wird durch die fruchtigen Noten des EVO-\u00d6ls b<strong>ereichert und bietet dir ein au\u00dfergew\u00f6hnliches Geschmackserlebnis.<\/strong><\/p>\n<p>Dank der Antioxidantien und nat\u00fcrlichen N\u00e4hrstoffe im \u00d6l erfreut dieses Delikatessen nicht nur den Gaumen, sondern tr\u00e4gt auch zu deinem Wohlbefinden bei. Eine Verbindung von Geschmack, Gesundheit und Genuss, die noch unwiderstehlicher, <strong>ges\u00fcnder und verdaulicher wird.<\/strong><\/p>\n","protected":false},"featured_media":133646,"comment_status":"open","ping_status":"closed","template":"","meta":{"wds_primary_product_brand":0,"wds_primary_product_cat":0},"product_brand":[],"product_cat":[90,94],"product_tag":[],"class_list":{"0":"post-133511","1":"product","2":"type-product","3":"status-publish","4":"has-post-thumbnail","6":"product_cat-essenslager","7":"product_cat-mit-unserem-oel","8":"pa_formato-streichbare-creme-mit-extra-nativem-olivenol-0215g-verpackung","10":"first","11":"instock","12":"sale","13":"featured","14":"taxable","15":"shipping-taxable","16":"purchasable","17":"product-type-simple"},"jetpack_sharing_enabled":true,"_links":{"self":[{"href":"https:\/\/frantoiodicroci.it\/de\/wp-json\/wp\/v2\/product\/133511","targetHints":{"allow":["GET"]}}],"collection":[{"href":"https:\/\/frantoiodicroci.it\/de\/wp-json\/wp\/v2\/product"}],"about":[{"href":"https:\/\/frantoiodicroci.it\/de\/wp-json\/wp\/v2\/types\/product"}],"replies":[{"embeddable":true,"href":"https:\/\/frantoiodicroci.it\/de\/wp-json\/wp\/v2\/comments?post=133511"}],"wp:featuredmedia":[{"embeddable":true,"href":"https:\/\/frantoiodicroci.it\/de\/wp-json\/wp\/v2\/media\/133646"}],"wp:attachment":[{"href":"https:\/\/frantoiodicroci.it\/de\/wp-json\/wp\/v2\/media?parent=133511"}],"wp:term":[{"taxonomy":"product_brand","embeddable":true,"href":"https:\/\/frantoiodicroci.it\/de\/wp-json\/wp\/v2\/product_brand?post=133511"},{"taxonomy":"product_cat","embeddable":true,"href":"https:\/\/frantoiodicroci.it\/de\/wp-json\/wp\/v2\/product_cat?post=133511"},{"taxonomy":"product_tag","embeddable":true,"href":"https:\/\/frantoiodicroci.it\/de\/wp-json\/wp\/v2\/product_tag?post=133511"}],"curies":[{"name":"wp","href":"https:\/\/api.w.org\/{rel}","templated":true}]}}