{"id":22769,"date":"2021-05-25T13:41:07","date_gmt":"2021-05-25T13:41:07","guid":{"rendered":"https:\/\/frantoiodicroci.it\/shop\/geschenkbox-kosmetiklinie\/"},"modified":"2021-06-18T16:37:25","modified_gmt":"2021-06-18T16:37:25","slug":"geschenkbox-kosmetiklinie","status":"publish","type":"product","link":"https:\/\/frantoiodicroci.it\/de\/shop\/geschenkbox-kosmetiklinie\/","title":{"rendered":"Geschenkbox Kosmetiklinie"},"content":{"rendered":"<p>Geschenkbox mit unseren Kosmetikartikeln:<\/p>\n<p>Gesichtscreme<\/p>\n<p>K\u00f6rpercreme<\/p>\n<p>Handcreme<\/p>\n<p>Duschgel<\/p>\n<p>In dieser Box k\u00f6nnen Sie alle wohltuenden und nat\u00fcrlichen Eigenschaften unseres toskanischen nativen Oliven\u00f6l extra g.g.A. &#8222;Prima Oliva&#8220; zu einem exklusiven Preis an Ihrem K\u00f6rper testen!<\/p>\n<p>&nbsp;<\/p>\n","protected":false},"excerpt":{"rendered":"<p>Geschenkbox mit unseren Kosmetikartikeln:<\/p>\n<p>Gesichtscreme<\/p>\n<p>K\u00f6rpercreme<\/p>\n<p>Handcreme<\/p>\n<p>Duschgel<\/p>\n<p>In dieser Box k\u00f6nnen Sie alle wohltuenden und nat\u00fcrlichen Eigenschaften unseres toskanischen nativen Oliven\u00f6l extra g.g.A. &#8222;Prima Oliva&#8220; zu einem exklusiven Preis an Ihrem K\u00f6rper testen!<\/p>\n<p>&nbsp;<\/p>\n","protected":false},"featured_media":33111,"comment_status":"open","ping_status":"closed","template":"","meta":{"wds_primary_product_brand":0,"wds_primary_product_cat":0},"product_brand":[],"product_cat":[89],"product_tag":[],"class_list":{"0":"post-22769","1":"product","2":"type-product","3":"status-publish","4":"has-post-thumbnail","6":"product_cat-geschenkpakete","8":"first","9":"instock","10":"sale","11":"taxable","12":"shipping-taxable","13":"purchasable","14":"product-type-simple"},"jetpack_sharing_enabled":true,"_links":{"self":[{"href":"https:\/\/frantoiodicroci.it\/de\/wp-json\/wp\/v2\/product\/22769","targetHints":{"allow":["GET"]}}],"collection":[{"href":"https:\/\/frantoiodicroci.it\/de\/wp-json\/wp\/v2\/product"}],"about":[{"href":"https:\/\/frantoiodicroci.it\/de\/wp-json\/wp\/v2\/types\/product"}],"replies":[{"embeddable":true,"href":"https:\/\/frantoiodicroci.it\/de\/wp-json\/wp\/v2\/comments?post=22769"}],"wp:featuredmedia":[{"embeddable":true,"href":"https:\/\/frantoiodicroci.it\/de\/wp-json\/wp\/v2\/media\/33111"}],"wp:attachment":[{"href":"https:\/\/frantoiodicroci.it\/de\/wp-json\/wp\/v2\/media?parent=22769"}],"wp:term":[{"taxonomy":"product_brand","embeddable":true,"href":"https:\/\/frantoiodicroci.it\/de\/wp-json\/wp\/v2\/product_brand?post=22769"},{"taxonomy":"product_cat","embeddable":true,"href":"https:\/\/frantoiodicroci.it\/de\/wp-json\/wp\/v2\/product_cat?post=22769"},{"taxonomy":"product_tag","embeddable":true,"href":"https:\/\/frantoiodicroci.it\/de\/wp-json\/wp\/v2\/product_tag?post=22769"}],"curies":[{"name":"wp","href":"https:\/\/api.w.org\/{rel}","templated":true}]}}