{"id":22774,"date":"2021-05-25T07:58:37","date_gmt":"2021-05-25T07:58:37","guid":{"rendered":"https:\/\/frantoiodicroci.it\/shop\/geschenkbox-luxury-line-2\/"},"modified":"2021-06-18T16:37:51","modified_gmt":"2021-06-18T16:37:51","slug":"geschenkbox-luxury-line-2","status":"publish","type":"product","link":"https:\/\/frantoiodicroci.it\/de\/shop\/geschenkbox-luxury-line-2\/","title":{"rendered":"Geschenkbox Luxury Line"},"content":{"rendered":"<p>Geschenkbox mit 2 Flaschen zu je 0,5 lt mit:<\/p>\n<p>&#8211; traditionelles natives Oliven\u00f6l extra<\/p>\n<p>-entkerntes natives Oliven\u00f6l extra<\/p>\n<p>Diese Box enth\u00e4lt unser traditionelles und unser entkerntes Oliven\u00f6l.\u00a0 Anpassbare Box..<\/p>\n","protected":false},"excerpt":{"rendered":"<p>Geschenkbox mit 2 Flaschen zu je 0,5 lt mit:<\/p>\n<p>-Traditionales: Natives Oliven\u00f6l extra hergestellt aus Oliven der typischen lokalen Sorten wie Frantoio, Leccino, Moraiolo und Pendolino. Es wird aus Oliven gewonnen, die ab Mitte Oktober geerntet werden und je nach Sorte und Reife der Oliven bei einer kontrollierten Temperatur von 24 &#8211; 27 Grad ca. 20-30 Minuten geknetet werden. Reich an Aromen und verschiedenen Geschmacksnuancen.<\/p>\n<p>Entkerntes: Unser exclusives entkerntes \u00d6l wird bei einer Temperatur unter 28 Grad gewonnen. Durch das entfernen des Kerns gewinnen wir das \u00d6l nur aus dem Olivenmark. Auf diese Weise erhalten wir ein weniger bitteres und aggressives \u00d6l, dass in der Lage ist seine Eigenschaften l\u00e4nger als herk\u00f6mmliche \u00d6le beizubehalten.<\/p>\n","protected":false},"featured_media":33108,"comment_status":"open","ping_status":"closed","template":"","meta":{"wds_primary_product_brand":0,"wds_primary_product_cat":0},"product_brand":[],"product_cat":[89],"product_tag":[],"class_list":{"0":"post-22774","1":"product","2":"type-product","3":"status-publish","4":"has-post-thumbnail","6":"product_cat-geschenkpakete","8":"first","9":"instock","10":"taxable","11":"shipping-taxable","12":"purchasable","13":"product-type-variable","14":"has-default-attributes"},"jetpack_sharing_enabled":true,"_links":{"self":[{"href":"https:\/\/frantoiodicroci.it\/de\/wp-json\/wp\/v2\/product\/22774","targetHints":{"allow":["GET"]}}],"collection":[{"href":"https:\/\/frantoiodicroci.it\/de\/wp-json\/wp\/v2\/product"}],"about":[{"href":"https:\/\/frantoiodicroci.it\/de\/wp-json\/wp\/v2\/types\/product"}],"replies":[{"embeddable":true,"href":"https:\/\/frantoiodicroci.it\/de\/wp-json\/wp\/v2\/comments?post=22774"}],"wp:featuredmedia":[{"embeddable":true,"href":"https:\/\/frantoiodicroci.it\/de\/wp-json\/wp\/v2\/media\/33108"}],"wp:attachment":[{"href":"https:\/\/frantoiodicroci.it\/de\/wp-json\/wp\/v2\/media?parent=22774"}],"wp:term":[{"taxonomy":"product_brand","embeddable":true,"href":"https:\/\/frantoiodicroci.it\/de\/wp-json\/wp\/v2\/product_brand?post=22774"},{"taxonomy":"product_cat","embeddable":true,"href":"https:\/\/frantoiodicroci.it\/de\/wp-json\/wp\/v2\/product_cat?post=22774"},{"taxonomy":"product_tag","embeddable":true,"href":"https:\/\/frantoiodicroci.it\/de\/wp-json\/wp\/v2\/product_tag?post=22774"}],"curies":[{"name":"wp","href":"https:\/\/api.w.org\/{rel}","templated":true}]}}