{"id":22831,"date":"2021-05-31T06:45:06","date_gmt":"2021-05-31T06:45:06","guid":{"rendered":"https:\/\/frantoiodicroci.it\/shop\/geschenkbox-olverkostung\/"},"modified":"2021-06-18T16:37:02","modified_gmt":"2021-06-18T16:37:02","slug":"geschenkbox-olverkostung","status":"publish","type":"product","link":"https:\/\/frantoiodicroci.it\/de\/shop\/geschenkbox-olverkostung\/","title":{"rendered":"Geschenkbox \u00d6lverkostung"},"content":{"rendered":"<p>Geschenkbox mit 4 Flaschen zu je 100 ml ideal um all unsere \u00d6le zu verkosten<\/p>\n<p>-Traditionales<\/p>\n<p>-Toskana g.g.A. &#8222;Prima Oliva&#8220;<\/p>\n<p>-Biologisches<\/p>\n<p>-Entkerntes<\/p>\n<p>Ein \u00d6l f\u00fcr jeden Anlass und f\u00fcr jedes Gericht<\/p>\n","protected":false},"excerpt":{"rendered":"<p>Geschenkbox mit 4 Flaschen zu je 100 ml ideal um all unsere \u00d6le zu verkosten<\/p>\n<p>-Traditionales: Natives Oliven\u00f6l extra, hergestellt aus Oliven der typischen lokalen Sorten wie Frantoio, Leccino, Moraiolo und Pendolino. Es wird aus Oliven gewonnen, die ab Mitte Oktober geerntet werden und je nach Sorte und Reife der Olive bei einer kontrollierten Temperatur von 24 &#8211; 27 Grad etwa 20 &#8211; 30 Minuten lang geknetet wird. Reich an Aromen und verschiedenen Geschmacksnuancen.<\/p>\n<p>-Toskano g.g.A. &#8222;Prima Oliva&#8220;: Prima Oliva Toskano g.g.A. natives Oliven\u00f6l extra wird aus den ersten Oliven gewonnen, die im Oktober geerntet werden, unter Einhaltung der toskanischen g.g.A. Produktionsvorschriften. Es wird bei einer Temperatur von 24 Grad gewonnen und folgt einem exclusiven Prozess, um ein einzigartiges \u00d6l seiner Art zu erhalten.<\/p>\n<p>-Biologisches: das biologische native Oliven\u00f6l extra wird aus Oliven gewonnen, die den strengen Biovorschriften und Kontrollanforderungen entsprechen. Es wird bei einer Temperatur von 24 Grad gewonnen und folgt einem exclusiven Prozess, um ein einzigartiges \u00d6l zu erhalten.<\/p>\n<p>-Entkerntes: Unser exclusives entkerntes \u00d6l wird bei einer Temperatur unter 28 Grad gewonnen. Durch das entfernen des Kerns gewinnen wir das \u00d6l nur aus dem Olivenmark. Auf diese Weise erhalten wir ein weniger bitteres und aggressives \u00d6l, dass in der Lage ist seine Eigenschaften l\u00e4nger als herk\u00f6mmliche \u00d6le beizubehalten.<\/p>\n<pre id=\"tw-target-text\" class=\"tw-data-text tw-text-large XcVN5d tw-ta\" dir=\"ltr\" data-placeholder=\"Traduzione\"><\/pre>\n<p>&nbsp;<\/p>\n","protected":false},"featured_media":33122,"comment_status":"open","ping_status":"closed","template":"","meta":{"wds_primary_product_brand":0,"wds_primary_product_cat":0},"product_brand":[],"product_cat":[89],"product_tag":[],"class_list":{"0":"post-22831","1":"product","2":"type-product","3":"status-publish","4":"has-post-thumbnail","6":"product_cat-geschenkpakete","8":"first","9":"instock","10":"sale","11":"taxable","12":"shipping-taxable","13":"purchasable","14":"product-type-simple"},"jetpack_sharing_enabled":true,"_links":{"self":[{"href":"https:\/\/frantoiodicroci.it\/de\/wp-json\/wp\/v2\/product\/22831","targetHints":{"allow":["GET"]}}],"collection":[{"href":"https:\/\/frantoiodicroci.it\/de\/wp-json\/wp\/v2\/product"}],"about":[{"href":"https:\/\/frantoiodicroci.it\/de\/wp-json\/wp\/v2\/types\/product"}],"replies":[{"embeddable":true,"href":"https:\/\/frantoiodicroci.it\/de\/wp-json\/wp\/v2\/comments?post=22831"}],"wp:featuredmedia":[{"embeddable":true,"href":"https:\/\/frantoiodicroci.it\/de\/wp-json\/wp\/v2\/media\/33122"}],"wp:attachment":[{"href":"https:\/\/frantoiodicroci.it\/de\/wp-json\/wp\/v2\/media?parent=22831"}],"wp:term":[{"taxonomy":"product_brand","embeddable":true,"href":"https:\/\/frantoiodicroci.it\/de\/wp-json\/wp\/v2\/product_brand?post=22831"},{"taxonomy":"product_cat","embeddable":true,"href":"https:\/\/frantoiodicroci.it\/de\/wp-json\/wp\/v2\/product_cat?post=22831"},{"taxonomy":"product_tag","embeddable":true,"href":"https:\/\/frantoiodicroci.it\/de\/wp-json\/wp\/v2\/product_tag?post=22831"}],"curies":[{"name":"wp","href":"https:\/\/api.w.org\/{rel}","templated":true}]}}