{"id":23796,"date":"2021-04-06T15:26:55","date_gmt":"2021-04-06T15:26:55","guid":{"rendered":"https:\/\/frantoiodicroci.it\/shop\/gesichtscreme\/"},"modified":"2021-06-18T16:42:28","modified_gmt":"2021-06-18T16:42:28","slug":"gesichtscreme","status":"publish","type":"product","link":"https:\/\/frantoiodicroci.it\/de\/shop\/gesichtscreme\/","title":{"rendered":"Gesichtscreme"},"content":{"rendered":"<p>Die Vorteile von Oliven\u00f6l sind f\u00fcr viele K\u00f6rperpflegeprodukte von grundlegender Bedeutung.<\/p>\n<p>Wenn es um die wohltuenden Eigenschaften von nativen Oliven\u00f6l extra geht, sind die weichmachenden, beruhigenden, tonisierenden Eigenschaften zu erw\u00e4hnen, somit ist es eines der \u00e4ltesten Naturheilmittel der Welt.<\/p>\n<p>Unsere Kosmetiklinie entstand nach einer langen und sorgf\u00e4ltigen Forschung, die nach mehreren Studien und Tests zu einer personalisierten Formulierung f\u00fcr jedes Produkt f\u00fchrte.<\/p>\n<p>F\u00fcr alle Produkte haben wir unser bestes \u00d6l verwendet, dass toskanische native Oliven\u00f6l extra g.g.A. &#8222;Prima Oliva&#8220;, das reich an Vitamin E ist und einen sehr hohen Polyphenolen Anteil hat.<\/p>\n<p>Nur aus einem excellenten \u00d6l k\u00f6nnen wir schon bei den ersten Anwendungen das h\u00f6chste an Ergiebigkeit und Wirksamkeit herausholen.<\/p>\n<p>Deshalb:<\/p>\n<p>&#8222;Vitamin E&#8220; und &#8222;Polyphenole&#8220; sind die nat\u00fcrlichen Antioxidantien schlechthin, die den K\u00f6rper helfen, die sch\u00e4dlichen Auswirkungen freier Radikale zu bek\u00e4mpfen.<\/p>\n<p>Dank seiner hohen Konzentration verbessert Vitamin E die Feuchtigkeitsversorgung der Haut, indem es deren F\u00e4higkeit erh\u00f6ht, Wasser zu speichern. Es hilft auch, die Festigkeit und Elastizit\u00e4t der Haut wieder herzustellen.<\/p>\n<p>Polyphenole helfen den Zellen, oxidativen Stress zu bek\u00e4mpfen. In gro\u00dfen Mengen in unserm toskanischen Oliven\u00f6l g.g.A. &#8222;Prima Oliva&#8220; enthalten, spielen Sie eine Schl\u00fcsselrolle bei der Erhaltung des jugendlichen Aussehens und der Festigkeit der Haut und ihres strahlenden Teints.<\/p>\n<p>In Anbetracht dessen ist es auch ideal bei Verbrennungen oder Sch\u00fcrfwunden und eignet sich hervorragend f\u00fcr Neugeborene bei R\u00f6tungen und Juckreiz.<\/p>\n<p>Keines unserer Produkte enth\u00e4lt Parabene, Peg, Sls, weder die Gesichts-, K\u00f6rper- noch Handcreme. Sie sind nicht an Tieren getestet und Vegan Beauty.<\/p>\n<p>&nbsp;<\/p>\n<p>&nbsp;<\/p>\n<p>&nbsp;<\/p>\n<p>&nbsp;<\/p>\n","protected":false},"excerpt":{"rendered":"<p>Gesichtscreme mit spezieller Formel die mit unserem nativen Oliven\u00f6l extra &#8222;Prima Oliva&#8220; g.g.A. hergestellt wird. Dank des hohen Gehaltes an Polyphenolen und Vitamin E st\u00e4rkt, gl\u00e4ttet und tonisiert es die Haut, reduziert das Auftreten von Falten und hilft, den Auswirkungen der Zeit entgegen zu wirken und verleiht dem Gesicht ein frischeres und strahlenderes Aussehen.<\/p>\n<p>Enth\u00e4lt keine Parabene, Peg, Sls<\/p>\n<p>Nicht an Tieren getestet<\/p>\n<p>Vegan Beauty<\/p>\n","protected":false},"featured_media":133602,"comment_status":"open","ping_status":"closed","template":"","meta":{"wds_primary_product_brand":0,"wds_primary_product_cat":0},"product_brand":[],"product_cat":[94],"product_tag":[],"class_list":{"0":"post-23796","1":"product","2":"type-product","3":"status-publish","4":"has-post-thumbnail","6":"product_cat-mit-unserem-oel","7":"pa_formato-inhalt-50-gr","9":"first","10":"instock","11":"sale","12":"featured","13":"taxable","14":"shipping-taxable","15":"purchasable","16":"product-type-simple"},"jetpack_sharing_enabled":true,"_links":{"self":[{"href":"https:\/\/frantoiodicroci.it\/de\/wp-json\/wp\/v2\/product\/23796","targetHints":{"allow":["GET"]}}],"collection":[{"href":"https:\/\/frantoiodicroci.it\/de\/wp-json\/wp\/v2\/product"}],"about":[{"href":"https:\/\/frantoiodicroci.it\/de\/wp-json\/wp\/v2\/types\/product"}],"replies":[{"embeddable":true,"href":"https:\/\/frantoiodicroci.it\/de\/wp-json\/wp\/v2\/comments?post=23796"}],"wp:featuredmedia":[{"embeddable":true,"href":"https:\/\/frantoiodicroci.it\/de\/wp-json\/wp\/v2\/media\/133602"}],"wp:attachment":[{"href":"https:\/\/frantoiodicroci.it\/de\/wp-json\/wp\/v2\/media?parent=23796"}],"wp:term":[{"taxonomy":"product_brand","embeddable":true,"href":"https:\/\/frantoiodicroci.it\/de\/wp-json\/wp\/v2\/product_brand?post=23796"},{"taxonomy":"product_cat","embeddable":true,"href":"https:\/\/frantoiodicroci.it\/de\/wp-json\/wp\/v2\/product_cat?post=23796"},{"taxonomy":"product_tag","embeddable":true,"href":"https:\/\/frantoiodicroci.it\/de\/wp-json\/wp\/v2\/product_tag?post=23796"}],"curies":[{"name":"wp","href":"https:\/\/api.w.org\/{rel}","templated":true}]}}