{"id":23834,"date":"2020-07-27T07:36:17","date_gmt":"2020-07-27T07:36:17","guid":{"rendered":"https:\/\/frantoiodicroci.it\/shop\/geschenkbos-aromatisierte-ole\/"},"modified":"2021-06-18T16:49:53","modified_gmt":"2021-06-18T16:49:53","slug":"geschenkbos-aromatisierte-ole","status":"publish","type":"product","link":"https:\/\/frantoiodicroci.it\/de\/shop\/geschenkbos-aromatisierte-ole\/","title":{"rendered":"Geschenkbox aromatisierte \u00d6le"},"content":{"rendered":"<p>Hier begegnen sich Tradition und Innovation die diese Geschenkbox zum Leben erwecken&#8230;<\/p>\n<p>Eine Auswahl an Zitronen-, Chili- und Rosmarin\u00f6len mit einem einzigartigen und unverwechselbaren Geschmack, ideal f\u00fcr jedes Gericht.<\/p>\n","protected":false},"excerpt":{"rendered":"<p>Unsere aromatisierten \u00d6le werden gro\u00dfteils aus sp\u00e4t geernteten Oliven gewonnen, damit der bittere und w\u00fcrzige Geschmack der Olive den von Zitrone, Rosmarin und Chili nicht d\u00e4mpft. Wir verwenden die besten, unbehandelten Biozitronen, nur die Nadeln des Rosmarin und Chili und geben sie direkt zur Olivenpaste.<\/p>\n<p>Die Packung enth\u00e4lt 3 Flaschen zu je 100 ml.<\/p>\n<p>&nbsp;<\/p>\n","protected":false},"featured_media":23835,"comment_status":"open","ping_status":"closed","template":"","meta":{"wds_primary_product_brand":0,"wds_primary_product_cat":0},"product_brand":[],"product_cat":[89],"product_tag":[],"class_list":{"0":"post-23834","1":"product","2":"type-product","3":"status-publish","4":"has-post-thumbnail","6":"product_cat-geschenkpakete","8":"first","9":"instock","10":"sale","11":"taxable","12":"shipping-taxable","13":"purchasable","14":"product-type-simple"},"jetpack_sharing_enabled":true,"_links":{"self":[{"href":"https:\/\/frantoiodicroci.it\/de\/wp-json\/wp\/v2\/product\/23834","targetHints":{"allow":["GET"]}}],"collection":[{"href":"https:\/\/frantoiodicroci.it\/de\/wp-json\/wp\/v2\/product"}],"about":[{"href":"https:\/\/frantoiodicroci.it\/de\/wp-json\/wp\/v2\/types\/product"}],"replies":[{"embeddable":true,"href":"https:\/\/frantoiodicroci.it\/de\/wp-json\/wp\/v2\/comments?post=23834"}],"wp:featuredmedia":[{"embeddable":true,"href":"https:\/\/frantoiodicroci.it\/de\/wp-json\/wp\/v2\/media\/23835"}],"wp:attachment":[{"href":"https:\/\/frantoiodicroci.it\/de\/wp-json\/wp\/v2\/media?parent=23834"}],"wp:term":[{"taxonomy":"product_brand","embeddable":true,"href":"https:\/\/frantoiodicroci.it\/de\/wp-json\/wp\/v2\/product_brand?post=23834"},{"taxonomy":"product_cat","embeddable":true,"href":"https:\/\/frantoiodicroci.it\/de\/wp-json\/wp\/v2\/product_cat?post=23834"},{"taxonomy":"product_tag","embeddable":true,"href":"https:\/\/frantoiodicroci.it\/de\/wp-json\/wp\/v2\/product_tag?post=23834"}],"curies":[{"name":"wp","href":"https:\/\/api.w.org\/{rel}","templated":true}]}}