{"id":24855,"date":"2020-06-10T12:26:17","date_gmt":"2020-06-10T12:26:17","guid":{"rendered":"https:\/\/frantoiodicroci.it\/shop\/aromatisierte-ole\/"},"modified":"2021-06-18T20:03:26","modified_gmt":"2021-06-18T20:03:26","slug":"aromatisierte-ole","status":"publish","type":"product","link":"https:\/\/frantoiodicroci.it\/de\/shop\/aromatisierte-ole\/","title":{"rendered":"Aromatisierte \u00d6le"},"content":{"rendered":"<p>Anbaugebiet: Valdinievole (Provinz Pistoia)<\/p>\n<p>Sorten: Frantoio, Leccino<\/p>\n<p>Erntezeit: November, Dezember<\/p>\n<p>Verarbeitungszeiten: 8 bis 12 Stunden nach der Ernte<\/p>\n<p>Reinigung der Oliven: Entlauben und Entfernen der Fremdk\u00f6rper (kleine \u00c4ste und Bl\u00e4tter), waschen mit sauberen Wasser.<\/p>\n<p>Verarbeitung: die Zitronen\/Chili\/Rosmarin werden direkt in der Olivenmasse, ohne Kontakt zu Sauerstoff, gepresst.<\/p>\n<p>Produktion: begrenzt<\/p>\n<p>Filtration: \/<\/p>\n<p>Aufbewahrung: in Edelstahlbeh\u00e4lter, bei kontrollierter Temperatur<\/p>\n<p>Sicherheit: Anti-F\u00fcll-Dosierkappe<\/p>\n<p>Duft: fruchtig\/intensiv Zitrone\/Chili\/Rosmarin<\/p>\n<p>Geschmack: Zitrone: delikat, leicht. Chili: angenehm pikant, voll. Rosmarin: penetrant, stechend<\/p>\n<p>Farbe: Zitrone: strohgelb\/goldig, Chili: feurig-orange, Rosmarin: intensiv gr\u00fcn<\/p>\n<p>Verwendungsvorschl\u00e4ge:<\/p>\n<p>Zitrone: ideal f\u00fcr gegrilltes Fleisch und Fisch, perfekt f\u00fcr Salate und rohes Gem\u00fcse<\/p>\n<p>Chili: eignet sich ausgezeichnet f\u00fcr H\u00fclsenfr\u00fcchtesuppen, gegrilltes Gem\u00fcse und Nudelgerichte<\/p>\n<p>Rosmarin: Perfekt f\u00fcr gegrilltes Fleisch\/Fisch, f\u00fcr Huhn, Kartoffeln, Pizzabrot und f\u00fcr H\u00fclsenfr\u00fcchtegerichte wie z.B. Nudeln mit Kichererbsen.<\/p>\n<p>&nbsp;<\/p>\n<p>&nbsp;<\/p>\n<p>&nbsp;<\/p>\n","protected":false},"excerpt":{"rendered":"<p>Unsere aromatisierten \u00d6le werden gro\u00dfteils aus sp\u00e4t geernteten Oliven gewonnen, damit der bittere und w\u00fcrzige Geschmack der Olive den von Zitrone, Rosmarin und Chili nicht d\u00e4mpft. Wir verwenden die besten, unbehandelten Biozitronen, nur die Nadeln des Rosmarin und Chili und geben sie direkt zur Olivenpaste.<\/p>\n<p>&nbsp;<\/p>\n<p>&nbsp;<\/p>\n","protected":false},"featured_media":46226,"comment_status":"open","ping_status":"closed","template":"","meta":{"wds_primary_product_brand":0,"wds_primary_product_cat":0},"product_brand":[],"product_cat":[90,93],"product_tag":[],"class_list":{"0":"post-24855","1":"product","2":"type-product","3":"status-publish","4":"has-post-thumbnail","6":"product_cat-essenslager","7":"product_cat-natives-olivenoel-extra","8":"pa_formato-100-ml-schmal","9":"pa_formato-250-ml-schmal","10":"pa_gusto-chili","11":"pa_gusto-rosmarin","12":"pa_gusto-zitrone","14":"first","15":"instock","16":"sale","17":"featured","18":"taxable","19":"shipping-taxable","20":"purchasable","21":"product-type-variable"},"jetpack_sharing_enabled":true,"_links":{"self":[{"href":"https:\/\/frantoiodicroci.it\/de\/wp-json\/wp\/v2\/product\/24855","targetHints":{"allow":["GET"]}}],"collection":[{"href":"https:\/\/frantoiodicroci.it\/de\/wp-json\/wp\/v2\/product"}],"about":[{"href":"https:\/\/frantoiodicroci.it\/de\/wp-json\/wp\/v2\/types\/product"}],"replies":[{"embeddable":true,"href":"https:\/\/frantoiodicroci.it\/de\/wp-json\/wp\/v2\/comments?post=24855"}],"wp:featuredmedia":[{"embeddable":true,"href":"https:\/\/frantoiodicroci.it\/de\/wp-json\/wp\/v2\/media\/46226"}],"wp:attachment":[{"href":"https:\/\/frantoiodicroci.it\/de\/wp-json\/wp\/v2\/media?parent=24855"}],"wp:term":[{"taxonomy":"product_brand","embeddable":true,"href":"https:\/\/frantoiodicroci.it\/de\/wp-json\/wp\/v2\/product_brand?post=24855"},{"taxonomy":"product_cat","embeddable":true,"href":"https:\/\/frantoiodicroci.it\/de\/wp-json\/wp\/v2\/product_cat?post=24855"},{"taxonomy":"product_tag","embeddable":true,"href":"https:\/\/frantoiodicroci.it\/de\/wp-json\/wp\/v2\/product_tag?post=24855"}],"curies":[{"name":"wp","href":"https:\/\/api.w.org\/{rel}","templated":true}]}}