{"id":24931,"date":"2020-06-11T08:19:14","date_gmt":"2020-06-11T08:19:14","guid":{"rendered":"https:\/\/frantoiodicroci.it\/shop\/traditionales-natives-olivenol-extra\/"},"modified":"2026-02-10T06:59:23","modified_gmt":"2026-02-10T05:59:23","slug":"traditionales-natives-olivenol-extra","status":"publish","type":"product","link":"https:\/\/frantoiodicroci.it\/de\/shop\/traditionales-natives-olivenol-extra\/","title":{"rendered":"Traditionales natives Oliven\u00f6l extra"},"content":{"rendered":"<p>Anbaugebiet: Valdinievole (Provinz Pistoia)<\/p>\n<p>Sorten: Frantoio, Leccino, Moraiolo und andere einheimische Sorten<\/p>\n<p>Erntezeit: von Oktober bis Dezember<\/p>\n<p>Verarbeitungszeiten: 8 bis 12 Stunden nach der Ernte<\/p>\n<p>Reinigung der Oliven: Entlauben und Entfernen der Fremdk\u00f6rper (kleine \u00c4ste und Bl\u00e4tter), waschen mit sauberen Wasser.<\/p>\n<p>Verarbeitung: kontinuierlicher Zyklus mit 3-Phasen-Zentrifuge mit wenig Verd\u00fcnnungswasser, Brecher mit Geschwindigkeitsanpassung auf Basis der Reife der Oliven, Kneter in kontrollierter Atmosph\u00e4re bei 27 Grad (kalt), Seperator<\/p>\n<p>Produktion: hohe<\/p>\n<p>Filtration: Kartonfilter<\/p>\n<p>Aufbewahrung: in Edelstahlbeh\u00e4lter, bei kontrollierter Temperatur, unter Argon<\/p>\n<p>Sicherheit: Anti-F\u00fcll-Dosierkappe<\/p>\n<p>Duft: fruchtig\/intensiv mit D\u00fcften wilder Kr\u00e4uter<\/p>\n<p>Geschmack: frische Olive mit leichter Bitternote, pikant, harmonisch und ausgewogen<\/p>\n<p>Farbe: intensiv gr\u00fcn mit Goldreflex<\/p>\n<p>Empfohlene Anwendung: ideal zu Rohkost und auf Brot. Ausgezeichnet zu Gem\u00fcse- und H\u00fclsenfr\u00fcchtesuppen, Salate und auf reifen K\u00e4sesorten<\/p>\n","protected":false},"excerpt":{"rendered":"<p>Natives Oliven\u00f6l extra wird aus typischen lokalen Sorten wie Frantoio, Leccino, Moraiolo und Pendolino gewonnen. Die Ernte beginnt Mitte Oktober und wird bei einer Temperatur zwischen 24 und 27 Grad, ca. 20 &#8211; 30 Minuten verarbeitet, je nach Sorte und Reife der Oliven. Reich an D\u00fcften und verschiedenen Geschmacksrichtungen.<\/p>\n<p>Es wird unter kontrollierter Atmosph\u00e4re unter Argon aufbewahrt.<\/p>\n<p><br data-mce-bogus=\"1\"><\/p>\n","protected":false},"featured_media":135434,"comment_status":"open","ping_status":"closed","template":"","meta":{"wds_primary_product_brand":0,"wds_primary_product_cat":0},"product_brand":[],"product_cat":[90,93],"product_tag":[],"class_list":{"0":"post-24931","1":"product","2":"type-product","3":"status-publish","4":"has-post-thumbnail","6":"product_cat-essenslager","7":"product_cat-natives-olivenoel-extra","8":"pa_formato-1-liter","9":"pa_formato-100-ml-schmal","10":"pa_formato-250-ml-schmal","11":"pa_formato-3-liter-dose-oder-bag-in-box","12":"pa_formato-5-liter-dose-oder-bag-in-box","13":"pa_formato-500-ml-schmal","14":"pa_formato-750-ml-schmal","16":"first","17":"instock","18":"sale","19":"featured","20":"taxable","21":"shipping-taxable","22":"purchasable","23":"product-type-variable"},"jetpack_sharing_enabled":true,"_links":{"self":[{"href":"https:\/\/frantoiodicroci.it\/de\/wp-json\/wp\/v2\/product\/24931","targetHints":{"allow":["GET"]}}],"collection":[{"href":"https:\/\/frantoiodicroci.it\/de\/wp-json\/wp\/v2\/product"}],"about":[{"href":"https:\/\/frantoiodicroci.it\/de\/wp-json\/wp\/v2\/types\/product"}],"replies":[{"embeddable":true,"href":"https:\/\/frantoiodicroci.it\/de\/wp-json\/wp\/v2\/comments?post=24931"}],"wp:featuredmedia":[{"embeddable":true,"href":"https:\/\/frantoiodicroci.it\/de\/wp-json\/wp\/v2\/media\/135434"}],"wp:attachment":[{"href":"https:\/\/frantoiodicroci.it\/de\/wp-json\/wp\/v2\/media?parent=24931"}],"wp:term":[{"taxonomy":"product_brand","embeddable":true,"href":"https:\/\/frantoiodicroci.it\/de\/wp-json\/wp\/v2\/product_brand?post=24931"},{"taxonomy":"product_cat","embeddable":true,"href":"https:\/\/frantoiodicroci.it\/de\/wp-json\/wp\/v2\/product_cat?post=24931"},{"taxonomy":"product_tag","embeddable":true,"href":"https:\/\/frantoiodicroci.it\/de\/wp-json\/wp\/v2\/product_tag?post=24931"}],"curies":[{"name":"wp","href":"https:\/\/api.w.org\/{rel}","templated":true}]}}