{"id":91021,"date":"2022-02-23T17:13:38","date_gmt":"2022-02-23T17:13:38","guid":{"rendered":"https:\/\/frantoiodicroci.it\/?post_type=product&#038;p=91021"},"modified":"2022-06-10T06:19:24","modified_gmt":"2022-06-10T06:19:24","slug":"natives-olivenol-extra-prima-oliva-g-g-a-toskana-copia","status":"publish","type":"product","link":"https:\/\/frantoiodicroci.it\/de\/shop\/natives-olivenol-extra-prima-oliva-g-g-a-toskana-copia\/","title":{"rendered":"Natives Oliven\u00f6l extra Podere &#8222;L&#8217;oliveto&#8220; 0.200 ml"},"content":{"rendered":"<p><strong>Anbaugebiet<\/strong>: Valdinievole (Provinz Pistoia)<\/p>\n<p><strong>Sorten<\/strong>: Itrana<\/p>\n<p><strong>Erntezeit<\/strong>: von Oktober bis\u00a0 Anfang November<\/p>\n<p><strong>Verarbeitungszeiten<\/strong>: 8 Stunden nach der Ernte<\/p>\n<p><strong>Reinigung der Oliven:<\/strong> Entlauben und Entfernen der Fremdk\u00f6rper (kleine \u00c4ste und Bl\u00e4tter), waschen mit sauberen Wasser.<\/p>\n<p><strong>Verarbeitung<\/strong>: kontinuierlicher Zyklus mit 2-Phasen-Zentrifuge ohne Verd\u00fcnnungswasser, Brecher mit Geschwindigkeitsanpassung auf Basis der Reife der Oliven, Kneter in kontrollierter Atmosph\u00e4re bei 24 Grad (kalt), Seperator<\/p>\n<p><strong>Produktion<\/strong>: begrenzt<\/p>\n<p><strong>Filtration<\/strong>: Kartonfilter<\/p>\n<p><strong>Aufbewahrung<\/strong>: in Edelstahlbeh\u00e4lter, bei kontrollierter Temperatur, unter Argon<\/p>\n<p><strong>Sicherheit<\/strong>: Anti-F\u00fcll-Dosierkappe<\/p>\n<p><strong>Duft<\/strong>: leicht fruchtig mit pflanzlichen Noten von Tomaten und Balsamico-Kr\u00e4utern .. bitterer und w\u00fcrziger Abgang in Balance in s\u00fc\u00dfer Mandel.<\/p>\n<p><strong>Geschmack<\/strong>: frische Oliven mit leichten Bitternoten, pikant, harmonisch und ausgeglichen<\/p>\n<p><strong>Farbe<\/strong>:\u00a0 intensivgr\u00fcn mit Goldreflex<\/p>\n<p><strong>Empfohlene Anwendung:<\/strong>Ausgezeichnetes mariniertes Fischdressing, Dinkel- und H\u00fclsenfruchtsalate, Suppen, Gem\u00fcserisottos und gegrilltes wei\u00dfes Fleisch, Wolfsbarsch, Frischk\u00e4se<\/p>\n<pre id=\"tw-target-text\" class=\"tw-data-text tw-text-large tw-ta\" dir=\"ltr\" data-placeholder=\"Traduzione\"><\/pre>\n","protected":false},"excerpt":{"rendered":"<p><strong>Podere &#8222;L&#8217;Oliveto&#8220;<\/strong> Oliven\u00f6l extra vergine ist ein leicht fruchtiges \u00d6l mit starken pflanzlichen Noten von Tomaten und Balsamico-Kr\u00e4utern. Bitterkeit und Sch\u00e4rfe sind in s\u00fc\u00dfer Mandel ausgewogen.<br \/>\nEs wird aus im November geernteten gr\u00fcnen Oliven der Sorte Itrana gewonnen, einer Sorte aus dem Latium, die haupts\u00e4chlich f\u00fcr den Tafelgebrauch entwickelt wurde.<\/p>\n<p>A<strong>us diesem k\u00fcrzlich gepflanzten Olivenhain<\/strong> wird dank der Besonderheit der Sorte, der hervorragenden Exposition des Bodens und der raffiniertesten Verarbeitungsmethoden in der M\u00fchle ein <strong>delikates \u00d6l von ausgezeichneter Qualit\u00e4t gewonnen.<\/strong><br \/>\n<strong>Die transparente Flasche ist in einer eleganten Verpackung eingeschlossen, um das \u00d6l nicht dem Licht auszusetzen. Es ist perfekt geeignet, um die wichtigsten Anl\u00e4sse zu feiern, aber auch als Geschenk oder Gef\u00e4lligkeit.<\/strong><br \/>\n<strong>0,200-l-Flasche<\/strong><\/p>\n","protected":false},"featured_media":135429,"comment_status":"open","ping_status":"closed","template":"","meta":{"wds_primary_product_brand":0,"wds_primary_product_cat":0},"product_brand":[],"product_cat":[90,89,93],"product_tag":[],"class_list":{"0":"post-91021","1":"product","2":"type-product","3":"status-publish","4":"has-post-thumbnail","6":"product_cat-essenslager","7":"product_cat-geschenkpakete","8":"product_cat-natives-olivenoel-extra","9":"pa_formato-500-ml-schmal","10":"pa_formato-enthaelt-200-gr","12":"first","13":"instock","14":"sale","15":"taxable","16":"shipping-taxable","17":"purchasable","18":"product-type-variable"},"jetpack_sharing_enabled":true,"_links":{"self":[{"href":"https:\/\/frantoiodicroci.it\/de\/wp-json\/wp\/v2\/product\/91021","targetHints":{"allow":["GET"]}}],"collection":[{"href":"https:\/\/frantoiodicroci.it\/de\/wp-json\/wp\/v2\/product"}],"about":[{"href":"https:\/\/frantoiodicroci.it\/de\/wp-json\/wp\/v2\/types\/product"}],"replies":[{"embeddable":true,"href":"https:\/\/frantoiodicroci.it\/de\/wp-json\/wp\/v2\/comments?post=91021"}],"wp:featuredmedia":[{"embeddable":true,"href":"https:\/\/frantoiodicroci.it\/de\/wp-json\/wp\/v2\/media\/135429"}],"wp:attachment":[{"href":"https:\/\/frantoiodicroci.it\/de\/wp-json\/wp\/v2\/media?parent=91021"}],"wp:term":[{"taxonomy":"product_brand","embeddable":true,"href":"https:\/\/frantoiodicroci.it\/de\/wp-json\/wp\/v2\/product_brand?post=91021"},{"taxonomy":"product_cat","embeddable":true,"href":"https:\/\/frantoiodicroci.it\/de\/wp-json\/wp\/v2\/product_cat?post=91021"},{"taxonomy":"product_tag","embeddable":true,"href":"https:\/\/frantoiodicroci.it\/de\/wp-json\/wp\/v2\/product_tag?post=91021"}],"curies":[{"name":"wp","href":"https:\/\/api.w.org\/{rel}","templated":true}]}}